{"id":141,"date":"2023-03-21T14:06:32","date_gmt":"2023-03-21T14:06:32","guid":{"rendered":"https:\/\/ksc-eventtechnik.de\/?page_id=141"},"modified":"2023-03-21T14:07:24","modified_gmt":"2023-03-21T14:07:24","slug":"kontakt1","status":"publish","type":"page","link":"https:\/\/ksc-eventtechnik.de\/?page_id=141","title":{"rendered":"Kontakt"},"content":{"rendered":"<div class=\"wpforms-container wpforms-container-full wpforms-block\" id=\"wpforms-136\"><form id=\"wpforms-form-136\" class=\"wpforms-validate wpforms-form wpforms-ajax-form\" data-formid=\"136\" method=\"post\" enctype=\"multipart\/form-data\" action=\"\/index.php?rest_route=%2Fwp%2Fv2%2Fpages%2F141\" data-token=\"48465e34266f8d85e057beb5e92aa6a7\" data-token-time=\"1777344157\"><noscript class=\"wpforms-error-noscript\">Bitte aktiviere JavaScript in deinem Browser, um dieses Formular fertigzustellen.<\/noscript><div class=\"wpforms-field-container\"><div id=\"wpforms-136-field_0-container\" class=\"wpforms-field wpforms-field-name\" data-field-id=\"0\"><label class=\"wpforms-field-label\">Name <span class=\"wpforms-required-label\">*<\/span><\/label><div class=\"wpforms-field-row wpforms-field-medium\"><div class=\"wpforms-field-row-block wpforms-first wpforms-one-half\"><input type=\"text\" id=\"wpforms-136-field_0\" class=\"wpforms-field-name-first wpforms-field-required\" name=\"wpforms[fields][0][first]\" required><label for=\"wpforms-136-field_0\" class=\"wpforms-field-sublabel after\">Vorname<\/label><\/div><div class=\"wpforms-field-row-block wpforms-one-half\"><input type=\"text\" id=\"wpforms-136-field_0-last\" class=\"wpforms-field-name-last wpforms-field-required\" name=\"wpforms[fields][0][last]\" required><label for=\"wpforms-136-field_0-last\" class=\"wpforms-field-sublabel after\">Nachname<\/label><\/div><\/div><\/div><div id=\"wpforms-136-field_1-container\" class=\"wpforms-field wpforms-field-email\" data-field-id=\"1\"><label class=\"wpforms-field-label\" for=\"wpforms-136-field_1\">E-Mail <span class=\"wpforms-required-label\">*<\/span><\/label><input type=\"email\" id=\"wpforms-136-field_1\" class=\"wpforms-field-medium wpforms-field-required\" name=\"wpforms[fields][1]\" spellcheck=\"false\" required><\/div><div id=\"wpforms-136-field_3-container\" class=\"wpforms-field wpforms-field-text\" data-field-id=\"3\"><label class=\"wpforms-field-label\" for=\"wpforms-136-field_3\">Betreff <span class=\"wpforms-required-label\">*<\/span><\/label><input type=\"text\" id=\"wpforms-136-field_3\" class=\"wpforms-field-medium wpforms-field-required\" name=\"wpforms[fields][3]\" required><\/div><div id=\"wpforms-136-field_2-container\" class=\"wpforms-field wpforms-field-textarea\" data-field-id=\"2\"><label class=\"wpforms-field-label\" for=\"wpforms-136-field_2\">Kommentar oder Nachricht<\/label><textarea id=\"wpforms-136-field_2\" class=\"wpforms-field-medium\" name=\"wpforms[fields][2]\" ><\/textarea><\/div><div id=\"wpforms-136-field_4-container\" class=\"wpforms-field wpforms-field-checkbox\" data-field-id=\"4\"><label class=\"wpforms-field-label\">DSGVO <span class=\"wpforms-required-label\">*<\/span><\/label><ul id=\"wpforms-136-field_4\" class=\"wpforms-field-required\"><li class=\"choice-1 depth-1\"><input type=\"checkbox\" id=\"wpforms-136-field_4_1\" name=\"wpforms[fields][4][]\" value=\"Ich habe die nachfolgenden Hinweise gem. Art. 13 DSGVO gelesen! *\" required ><label class=\"wpforms-field-label-inline\" for=\"wpforms-136-field_4_1\">Ich habe die nachfolgenden Hinweise gem. Art. 13 DSGVO gelesen! *<\/label><\/li><\/ul><\/div><\/div><!-- .wpforms-field-container --><div class=\"wpforms-submit-container\" ><input type=\"hidden\" name=\"wpforms[id]\" value=\"136\"><input type=\"hidden\" name=\"page_title\" value=\"\"><input type=\"hidden\" name=\"page_url\" value=\"https:\/\/ksc-eventtechnik.de\/index.php?rest_route=\/wp\/v2\/pages\/141\"><input type=\"hidden\" name=\"url_referer\" value=\"\"><button type=\"submit\" name=\"wpforms[submit]\" id=\"wpforms-submit-136\" class=\"wpforms-submit\" data-alt-text=\"Senden\u2026\" data-submit-text=\"Absenden\" aria-live=\"assertive\" value=\"wpforms-submit\">Absenden<\/button><img loading=\"lazy\" decoding=\"async\" src=\"https:\/\/ksc-eventtechnik.de\/wp-content\/plugins\/wpforms-lite\/assets\/images\/submit-spin.svg\" class=\"wpforms-submit-spinner\" style=\"display: none;\" width=\"26\" height=\"26\" alt=\"Wird geladen\"><\/div><\/form><\/div>  <!-- .wpforms-container -->\n\n\n<hr class=\"wp-block-separator has-alpha-channel-opacity\"\/>\n\n\n\n<h1 class=\"wp-block-heading\"><strong>Hinweise gem. Art.&nbsp;13 DSGVO<\/strong><\/h1>\n\n\n\n<p>Wir haben uns dem Datenschutz verpflichtet und m\u00f6chten deshalb an dieser Stelle unserer Hinweispflicht aus Artikel 13 DSGVO nachkommen und Sie informieren, was mit Ihren Daten passiert und welche Rechte Sie haben.<\/p>\n\n\n\n<p><strong>Verantwortlich f\u00fcr die Verarbeitung<\/strong><\/p>\n\n\n\n<p>KSC-eventtechnik Gbr<\/p>\n\n\n\n<p>Am Heitfeld 1<br>59929 Brilon<\/p>\n\n\n\n<p><strong>Zweck der Verarbeitung<\/strong><br>Wir verarbeiten die hier angegebenen Daten ausschlie\u00dflich zur Beantwortung Ihrer Anfrage. Wir beziehen uns dabei als Rechtsgrundlage der Verarbeitung auf den Artikel 6. Absatz 1 Buchstabe b DSGVO. Das bedeutet, wir gehen davon aus, dass Sie, wenn Sie dieses Kontaktformular nutzen unsere Leistungen anfragen oder bereits in einem Kundenverh\u00e4ltnis zu uns stehen.<\/p>\n\n\n\n<p><strong>Weitergabe Ihrer Daten an Dritte<\/strong><br>Die von Ihnen hier eingegebenen Daten werden uns automatisch per E-Mail geschickt und somit an unseren E-Mailprovider weiter gegeben, der unsere Postf\u00e4cher hostet.<\/p>\n\n\n\n<p>Es handelt sich hierbei um die Firma:<\/p>\n\n\n\n<p>STRATO AG<br>Pascalstra\u00dfe 10<br>10587 Berlin<\/p>\n\n\n\n<p>Eine weitere Weitergabe Ihrer Daten erfolgt nicht. Weder an Dritte Parteien, noch an Drittl\u00e4nder oder internationale Organisationen.<\/p>\n\n\n\n<p><strong>Dauer Ihrer Speicherung<\/strong><br>Wir speichern Ihre Daten nur f\u00fcr den Zeitraum der Zweckerf\u00fcllung. Das hei\u00dft, dass wir Ihre Daten nach Erf\u00fcllung unverz\u00fcglich l\u00f6schen. Sollte mit Ihrer Anfrage eine Angebots- oder Rechnungserstellung verbunden sein, speichern wir Ihre Daten gem\u00e4\u00df den Regelungen der GoBD.<\/p>\n\n\n\n<p><strong>Ihre Rechte<\/strong><\/p>\n\n\n\n<p>Sie haben jederzeit folgende Rechte:<\/p>\n\n\n\n<p>Recht auf Widerspruch<br>Recht auf Auskunft gem. Art. 16 DSGVO<br>Recht auf Berichtigung gem. Art. 16 DSGVO<br>Recht auf L\u00f6schung gem. Art. 17 DSGVO<br>Recht auf Einschr\u00e4nkung der Verarbeitung gem. Art. 18 DSGVO<br>Recht auf Daten\u00fcbertragbarkeit gem. 20 DSGVO<br>Recht auf Beschwerde bei der zust\u00e4ndigen Ausichtsbeh\u00f6rde<\/p>\n\n\n\n<p><strong>Warum ben\u00f6tigen wir Ihre Daten?<\/strong><br>Die Erhebung Ihrer Daten ist notwendig, um Ihre Anfrage bearbeiten zu k\u00f6nnen. Sie stellen uns diese freiwillig bereit. Eine Nichtbereitstellung h\u00e4tte zur Folge, dass wir Ihre Anfrage nicht beantworten k\u00f6nnen.<\/p>\n\n\n\n<p><strong>Automatisiere Entscheidungsfindung und Profiling<\/strong><br>Von uns werden keinerlei automatisierten Entscheidungsfindungen oder Profilings bei dieser Verarbeitung Ihrer Daten eingesetzt.<\/p>\n\n\n\n<p>Sollten Sie weitere Fragen haben, z\u00f6gern Sie bitte nicht Kontakt mit uns aufzunehmen.<\/p>\n","protected":false},"excerpt":{"rendered":"<p>Hinweise gem. Art.&nbsp;13 DSGVO Wir haben uns dem Datenschutz verpflichtet und m\u00f6chten deshalb an dieser Stelle unserer Hinweispflicht aus Artikel 13 DSGVO nachkommen und Sie informieren, was mit Ihren Daten passiert und welche Rechte Sie haben. Verantwortlich f\u00fcr die Verarbeitung KSC-eventtechnik Gbr Am Heitfeld 159929 Brilon Zweck der VerarbeitungWir verarbeiten [&hellip;]<\/p>\n","protected":false},"author":1,"featured_media":0,"parent":0,"menu_order":0,"comment_status":"closed","ping_status":"closed","template":"","meta":{"footnotes":""},"class_list":["post-141","page","type-page","status-publish","hentry"],"_links":{"self":[{"href":"https:\/\/ksc-eventtechnik.de\/index.php?rest_route=\/wp\/v2\/pages\/141","targetHints":{"allow":["GET"]}}],"collection":[{"href":"https:\/\/ksc-eventtechnik.de\/index.php?rest_route=\/wp\/v2\/pages"}],"about":[{"href":"https:\/\/ksc-eventtechnik.de\/index.php?rest_route=\/wp\/v2\/types\/page"}],"author":[{"embeddable":true,"href":"https:\/\/ksc-eventtechnik.de\/index.php?rest_route=\/wp\/v2\/users\/1"}],"replies":[{"embeddable":true,"href":"https:\/\/ksc-eventtechnik.de\/index.php?rest_route=%2Fwp%2Fv2%2Fcomments&post=141"}],"version-history":[{"count":3,"href":"https:\/\/ksc-eventtechnik.de\/index.php?rest_route=\/wp\/v2\/pages\/141\/revisions"}],"predecessor-version":[{"id":145,"href":"https:\/\/ksc-eventtechnik.de\/index.php?rest_route=\/wp\/v2\/pages\/141\/revisions\/145"}],"wp:attachment":[{"href":"https:\/\/ksc-eventtechnik.de\/index.php?rest_route=%2Fwp%2Fv2%2Fmedia&parent=141"}],"curies":[{"name":"wp","href":"https:\/\/api.w.org\/{rel}","templated":true}]}}